{"id":4013,"date":"2024-08-12T13:16:44","date_gmt":"2024-08-12T10:16:44","guid":{"rendered":"https:\/\/turkishtobacco.org\/en\/?page_id=4013"},"modified":"2025-07-04T13:33:55","modified_gmt":"2025-07-04T10:33:55","slug":"communication-materials","status":"publish","type":"page","link":"https:\/\/turkishtobacco.org\/en\/communication-materials\/","title":{"rendered":"Communication Materials"},"content":{"rendered":"\n<style type=\"text\/css\" data-created_by=\"avia_inline_auto\" id=\"style-css-av-sfexot-ade8bcf0cb9cba6dd6c5144ed05a3472\">\n.avia-section.av-sfexot-ade8bcf0cb9cba6dd6c5144ed05a3472{\nbackground-color:#f4f3ee;\nbackground-image:unset;\n}\n<\/style>\n<div id='top-left'  class='avia-section av-sfexot-ade8bcf0cb9cba6dd6c5144ed05a3472 main_color avia-section-default avia-no-border-styling  avia-builder-el-0  avia-builder-el-no-sibling  top-left top-left avia-bg-style-scroll container_wrap fullsize'  ><div class='container av-section-cont-open' ><main  role=\"main\" itemprop=\"mainContentOfPage\"  class='template-page content  av-content-full alpha units'><div class='post-entry post-entry-type-page post-entry-4013'><div class='entry-content-wrapper clearfix'>\n<div  id=\"ust\"  class='flex_column av-aqo1x9-52d58771a064da74cbeaaac9a481faf1 av_one_full  avia-builder-el-1  el_before_av_one_full  avia-builder-el-first  ust ust first flex_column_div  '     ><style type=\"text\/css\" data-created_by=\"avia_inline_auto\" id=\"style-css-av-8swoz1-60a6282b66f8369b0615d6e7fcd0f779\">\n#top .av-special-heading.av-8swoz1-60a6282b66f8369b0615d6e7fcd0f779{\npadding-bottom:10px;\n}\nbody .av-special-heading.av-8swoz1-60a6282b66f8369b0615d6e7fcd0f779 .av-special-heading-tag .heading-char{\nfont-size:25px;\n}\n.av-special-heading.av-8swoz1-60a6282b66f8369b0615d6e7fcd0f779 .av-subheading{\nfont-size:15px;\n}\n<\/style>\n<div  id=\"baslik\"  class='av-special-heading av-8swoz1-60a6282b66f8369b0615d6e7fcd0f779 av-special-heading-h3 blockquote modern-quote modern-centered  avia-builder-el-2  avia-builder-el-no-sibling  baslik baslik'><div class='av-subheading av-subheading_above'><div class=\"transx_up_heading_overlay3\">MATERIALS<\/div>\n<\/div><h3 class='av-special-heading-tag '  itemprop=\"headline\"  >Communication Materials<\/h3><div class=\"special-heading-border\"><div class=\"special-heading-inner-border\"><\/div><\/div><\/div><\/div>\n<style type=\"text\/css\" data-created_by=\"avia_inline_auto\" id=\"style-css-av-2wcikt-ee368acf1d488e89a193acdb31acd918\">\n.flex_column.av-2wcikt-ee368acf1d488e89a193acdb31acd918{\nwidth:100%;\n}\n<\/style>\n<div  class='flex_column av-2wcikt-ee368acf1d488e89a193acdb31acd918 av_one_full  avia-builder-el-3  el_after_av_one_full  avia-builder-el-last  first flex_column_div  column-top-margin'     ><div id='av-masonry-1' class='av-masonry av-m48bf0nf-f8f6b31ca82a641cc3fb8b886def07ed noHover av-fixed-size av-large-gap av-hover-overlay-active av-masonry-animation-active av-masonry-col-4 av-caption-always av-caption-style- av-masonry-entries av-orientation-square ' data-post_id=\"4013\"><div class='av-masonry-sort main_color av-sort-yes' data-masonry-id='1' ><div class='av-sort-by-term  ' data-av-allowed-sort='[\"agricultural-mechanization_sort\",\"alp-support-mechanism_sort\",\"brochure_sort\",\"cpa-storage-padlock-first-aid-kit_sort\",\"disposal-recycling-of-empty-agricultural-pesticide-packaging-waste_sort\",\"farmer-advantage-club_sort\",\"fun-science_sort\",\"labor-contractor_sort\",\"women-farmer-trainings_sort\"]' ><a href=\"#\" data-filter=\"all_sort\" class=\"all_sort_button active_sort\"><span class=\"inner_sort_button\"><span>All<\/span><small class=\"avia-term-count\"> 9 <\/small><\/span><\/a><span class='text-sep agricultural-mechanization_sort_sep avia_show_sort'>\/<\/span><a href=\"#\" data-filter=\"agricultural-mechanization_sort\" class=\"agricultural-mechanization_sort_button avia_show_sort\" ><span class=\"inner_sort_button\"><span>Agricultural Mechanization<\/span><small class='avia-term-count'> 1 <\/small><\/span><\/a><span class='text-sep alp-support-mechanism_sort_sep avia_show_sort'>\/<\/span><a href=\"#\" data-filter=\"alp-support-mechanism_sort\" class=\"alp-support-mechanism_sort_button avia_show_sort\" ><span class=\"inner_sort_button\"><span>ALP Support Mechanism<\/span><small class='avia-term-count'> 1 <\/small><\/span><\/a><span class='text-sep brochure_sort_sep avia_show_sort'>\/<\/span><a href=\"#\" data-filter=\"brochure_sort\" class=\"brochure_sort_button avia_show_sort\" ><span class=\"inner_sort_button\"><span>Brochure<\/span><small class='avia-term-count'> 1 <\/small><\/span><\/a><span class='text-sep cpa-storage-padlock-first-aid-kit_sort_sep avia_show_sort'>\/<\/span><a href=\"#\" data-filter=\"cpa-storage-padlock-first-aid-kit_sort\" class=\"cpa-storage-padlock-first-aid-kit_sort_button avia_show_sort\" ><span class=\"inner_sort_button\"><span>CPA Storage, Padlock, First Aid Kit<\/span><small class='avia-term-count'> 1 <\/small><\/span><\/a><span class='text-sep disposal-recycling-of-empty-agricultural-pesticide-packaging-waste_sort_sep avia_show_sort'>\/<\/span><a href=\"#\" data-filter=\"disposal-recycling-of-empty-agricultural-pesticide-packaging-waste_sort\" class=\"disposal-recycling-of-empty-agricultural-pesticide-packaging-waste_sort_button avia_show_sort\" ><span class=\"inner_sort_button\"><span>Disposal\/Recycling of Empty Agricultural Pesticide Packaging Waste<\/span><small class='avia-term-count'> 1 <\/small><\/span><\/a><span class='text-sep farmer-advantage-club_sort_sep avia_show_sort'>\/<\/span><a href=\"#\" data-filter=\"farmer-advantage-club_sort\" class=\"farmer-advantage-club_sort_button avia_show_sort\" ><span class=\"inner_sort_button\"><span>Farmer Advantage Club<\/span><small class='avia-term-count'> 1 <\/small><\/span><\/a><span class='text-sep fun-science_sort_sep avia_show_sort'>\/<\/span><a href=\"#\" data-filter=\"fun-science_sort\" class=\"fun-science_sort_button avia_show_sort\" ><span class=\"inner_sort_button\"><span>Fun Science<\/span><small class='avia-term-count'> 1 <\/small><\/span><\/a><span class='text-sep labor-contractor_sort_sep avia_show_sort'>\/<\/span><a href=\"#\" data-filter=\"labor-contractor_sort\" class=\"labor-contractor_sort_button avia_show_sort\" ><span class=\"inner_sort_button\"><span>Labor Contractor<\/span><small class='avia-term-count'> 1 <\/small><\/span><\/a><span class='text-sep women-farmer-trainings_sort_sep avia_show_sort'>\/<\/span><a href=\"#\" data-filter=\"women-farmer-trainings_sort\" class=\"women-farmer-trainings_sort_button avia_show_sort\" ><span class=\"inner_sort_button\"><span>Women Farmer Trainings<\/span><small class='avia-term-count'> 1 <\/small><\/span><\/a><\/div><\/div><div class=\"av-masonry-container isotope av-js-disabled\"><div class='av-masonry-entry isotope-item av-masonry-item-no-image all_sort alp-support-mechanism_sort  disposal-recycling-of-empty-agricultural-pesticide-packaging-waste_sort  labor-contractor_sort  fun-science_sort  farmer-advantage-club_sort  women-farmer-trainings_sort  cpa-storage-padlock-first-aid-kit_sort  agricultural-mechanization_sort  brochure_sort '><\/div><a href=\"https:\/\/turkishtobacco.org\/en\/portfolio-item\/alp-support-mechanism\/\"  id='av-masonry-1-item-4386' data-av-masonry-item='4386' class='av-masonry-entry isotope-item post-4386 portfolio type-portfolio status-publish has-post-thumbnail hentry portfolio_entries-alp-support-mechanism all_sort alp-support-mechanism_sort  av-masonry-item-with-image' title=\"ALP Destek Mekanizmas\u0131 (4)\"   itemscope=\"itemscope\" itemtype=\"https:\/\/schema.org\/CreativeWork\" ><div class='av-inner-masonry-sizer'><\/div><figure class='av-inner-masonry main_color'><div class=\"av-masonry-outerimage-container\"><div class='av-masonry-image-container' style=\"background-image: url(https:\/\/turkishtobacco.org\/en\/wp-content\/uploads\/2024\/07\/ALP-Destek-Mekanizmasi-4-1.png);\"  title=\"ALP Destek Mekanizmas\u0131 (4)\" ><\/div><\/div><figcaption class='av-inner-masonry-content site-background'><div class='av-inner-masonry-content-pos'><div class='av-inner-masonry-content-pos-content'><div class='avia-arrow'><\/div><h3 class='av-masonry-entry-title entry-title '  itemprop=\"headline\" >ALP Support Mechanism<\/h3><\/div><\/div><\/figcaption><\/figure><\/a><!--end av-masonry entry--><a href=\"https:\/\/turkishtobacco.org\/en\/portfolio-item\/disposal-recycling-of-empty-agricultural-pesticide-packaging-waste\/\"  id='av-masonry-1-item-4392' data-av-masonry-item='4392' class='av-masonry-entry isotope-item post-4392 portfolio type-portfolio status-publish has-post-thumbnail hentry portfolio_entries-disposal-recycling-of-empty-agricultural-pesticide-packaging-waste all_sort disposal-recycling-of-empty-agricultural-pesticide-packaging-waste_sort  av-masonry-item-with-image' title=\"Klas\u00f6r-Foto\u011fraf\u0131\"   itemscope=\"itemscope\" itemtype=\"https:\/\/schema.org\/CreativeWork\" ><div class='av-inner-masonry-sizer'><\/div><figure class='av-inner-masonry main_color'><div class=\"av-masonry-outerimage-container\"><div class='av-masonry-image-container' style=\"background-image: url(https:\/\/turkishtobacco.org\/en\/wp-content\/uploads\/2024\/12\/Klasor-Fotografi-529x705.jpg);\"  title=\"Klas\u00f6r-Foto\u011fraf\u0131\" ><\/div><\/div><figcaption class='av-inner-masonry-content site-background'><div class='av-inner-masonry-content-pos'><div class='av-inner-masonry-content-pos-content'><div class='avia-arrow'><\/div><h3 class='av-masonry-entry-title entry-title '  itemprop=\"headline\" >Disposal\/Recycling of Empty Agricultural Pesticide Packaging Waste<\/h3><\/div><\/div><\/figcaption><\/figure><\/a><!--end av-masonry entry--><a href=\"https:\/\/turkishtobacco.org\/en\/portfolio-item\/labor-contractor\/\"  id='av-masonry-1-item-4407' data-av-masonry-item='4407' class='av-masonry-entry isotope-item post-4407 portfolio type-portfolio status-publish has-post-thumbnail hentry portfolio_entries-labor-contractor all_sort labor-contractor_sort  av-masonry-item-with-image' title=\"Day\u0131ba\u015f\u0131 E\u011fitimleri (1)\"   itemscope=\"itemscope\" itemtype=\"https:\/\/schema.org\/CreativeWork\" ><div class='av-inner-masonry-sizer'><\/div><figure class='av-inner-masonry main_color'><div class=\"av-masonry-outerimage-container\"><div class='av-masonry-image-container' style=\"background-image: url(https:\/\/turkishtobacco.org\/en\/wp-content\/uploads\/2024\/07\/Dayibasi-Egitimleri-1-1-529x705.jpg);\"  title=\"Day\u0131ba\u015f\u0131 E\u011fitimleri (1)\" ><\/div><\/div><figcaption class='av-inner-masonry-content site-background'><div class='av-inner-masonry-content-pos'><div class='av-inner-masonry-content-pos-content'><div class='avia-arrow'><\/div><h3 class='av-masonry-entry-title entry-title '  itemprop=\"headline\" >Labor Contractor<\/h3><\/div><\/div><\/figcaption><\/figure><\/a><!--end av-masonry entry--><a href=\"https:\/\/turkishtobacco.org\/en\/portfolio-item\/fun-science\/\"  id='av-masonry-1-item-4409' data-av-masonry-item='4409' class='av-masonry-entry isotope-item post-4409 portfolio type-portfolio status-publish has-post-thumbnail hentry portfolio_entries-fun-science all_sort fun-science_sort  av-masonry-item-with-image' title=\"eglenceli bilim egitimleri (1)\"   itemscope=\"itemscope\" itemtype=\"https:\/\/schema.org\/CreativeWork\" ><div class='av-inner-masonry-sizer'><\/div><figure class='av-inner-masonry main_color'><div class=\"av-masonry-outerimage-container\"><div class='av-masonry-image-container' style=\"background-image: url(https:\/\/turkishtobacco.org\/en\/wp-content\/uploads\/2024\/07\/eglenceli-bilim-egitimleri-1-1.png);\"  title=\"eglenceli bilim egitimleri (1)\" ><\/div><\/div><figcaption class='av-inner-masonry-content site-background'><div class='av-inner-masonry-content-pos'><div class='av-inner-masonry-content-pos-content'><div class='avia-arrow'><\/div><h3 class='av-masonry-entry-title entry-title '  itemprop=\"headline\" >Fun Science<\/h3><\/div><\/div><\/figcaption><\/figure><\/a><!--end av-masonry entry--><a href=\"https:\/\/turkishtobacco.org\/en\/portfolio-item\/farmer-advantage-club\/\"  id='av-masonry-1-item-4489' data-av-masonry-item='4489' class='av-masonry-entry isotope-item post-4489 portfolio type-portfolio status-publish has-post-thumbnail hentry portfolio_entries-farmer-advantage-club all_sort farmer-advantage-club_sort  av-masonry-item-with-image' title=\"CAK CARD PRINT&#8217;23 PRINT (1)-1\"   itemscope=\"itemscope\" itemtype=\"https:\/\/schema.org\/CreativeWork\" ><div class='av-inner-masonry-sizer'><\/div><figure class='av-inner-masonry main_color'><div class=\"av-masonry-outerimage-container\"><div class='av-masonry-image-container' style=\"background-image: url(https:\/\/turkishtobacco.org\/en\/wp-content\/uploads\/2025\/03\/CAK-CARD-PRINT23-PRINT-1-1-705x333.jpg);\"  title=\"CAK CARD PRINT&#8217;23 PRINT (1)-1\" ><\/div><\/div><figcaption class='av-inner-masonry-content site-background'><div class='av-inner-masonry-content-pos'><div class='av-inner-masonry-content-pos-content'><div class='avia-arrow'><\/div><h3 class='av-masonry-entry-title entry-title '  itemprop=\"headline\" >Farmer Advantage Club<\/h3><\/div><\/div><\/figcaption><\/figure><\/a><!--end av-masonry entry--><a href=\"https:\/\/turkishtobacco.org\/en\/portfolio-item\/women-farmer-trainings\/\"  id='av-masonry-1-item-4497' data-av-masonry-item='4497' class='av-masonry-entry isotope-item post-4497 portfolio type-portfolio status-publish has-post-thumbnail hentry portfolio_entries-women-farmer-trainings all_sort women-farmer-trainings_sort  av-masonry-item-with-image' title=\"Check-up Eng\"   itemscope=\"itemscope\" itemtype=\"https:\/\/schema.org\/CreativeWork\" ><div class='av-inner-masonry-sizer'><\/div><figure class='av-inner-masonry main_color'><div class=\"av-masonry-outerimage-container\"><div class='av-masonry-image-container' style=\"background-image: url(https:\/\/turkishtobacco.org\/en\/wp-content\/uploads\/2025\/03\/Check-up-Eng-499x705.jpg);\"  title=\"Check-up Eng\" ><\/div><\/div><figcaption class='av-inner-masonry-content site-background'><div class='av-inner-masonry-content-pos'><div class='av-inner-masonry-content-pos-content'><div class='avia-arrow'><\/div><h3 class='av-masonry-entry-title entry-title '  itemprop=\"headline\" >Women Farmer Trainings<\/h3><\/div><\/div><\/figcaption><\/figure><\/a><!--end av-masonry entry--><a href=\"https:\/\/turkishtobacco.org\/en\/portfolio-item\/cpa-storage-padlock-first-aid-kit\/\"  id='av-masonry-1-item-4505' data-av-masonry-item='4505' class='av-masonry-entry isotope-item post-4505 portfolio type-portfolio status-publish has-post-thumbnail hentry portfolio_entries-cpa-storage-padlock-first-aid-kit all_sort cpa-storage-padlock-first-aid-kit_sort  av-masonry-item-with-image' title=\"PPE Da\u011f\u0131t\u0131m 10-1\"   itemscope=\"itemscope\" itemtype=\"https:\/\/schema.org\/CreativeWork\" ><div class='av-inner-masonry-sizer'><\/div><figure class='av-inner-masonry main_color'><div class=\"av-masonry-outerimage-container\"><div class='av-masonry-image-container' style=\"background-image: url(https:\/\/turkishtobacco.org\/en\/wp-content\/uploads\/2025\/03\/PPE-Dagitim-10-1-529x705.jpg);\"  title=\"PPE Da\u011f\u0131t\u0131m 10-1\" ><\/div><\/div><figcaption class='av-inner-masonry-content site-background'><div class='av-inner-masonry-content-pos'><div class='av-inner-masonry-content-pos-content'><div class='avia-arrow'><\/div><h3 class='av-masonry-entry-title entry-title '  itemprop=\"headline\" >CPA Storage, Padlock, First Aid Kit<\/h3><\/div><\/div><\/figcaption><\/figure><\/a><!--end av-masonry entry--><a href=\"https:\/\/turkishtobacco.org\/en\/portfolio-item\/agricultural-mechanization\/\"  id='av-masonry-1-item-4521' data-av-masonry-item='4521' class='av-masonry-entry isotope-item post-4521 portfolio type-portfolio status-publish has-post-thumbnail hentry portfolio_entries-agricultural-mechanization all_sort agricultural-mechanization_sort  av-masonry-item-with-image' title=\"K\u0131r\u0131m Makinas\u0131-1\"   itemscope=\"itemscope\" itemtype=\"https:\/\/schema.org\/CreativeWork\" ><div class='av-inner-masonry-sizer'><\/div><figure class='av-inner-masonry main_color'><div class=\"av-masonry-outerimage-container\"><div class='av-masonry-image-container' style=\"background-image: url(https:\/\/turkishtobacco.org\/en\/wp-content\/uploads\/2025\/03\/Kirim-Makinasi-1-705x432.jpg);\"  title=\"K\u0131r\u0131m Makinas\u0131-1\" ><\/div><\/div><figcaption class='av-inner-masonry-content site-background'><div class='av-inner-masonry-content-pos'><div class='av-inner-masonry-content-pos-content'><div class='avia-arrow'><\/div><h3 class='av-masonry-entry-title entry-title '  itemprop=\"headline\" >Agricultural Mechanization<\/h3><\/div><\/div><\/figcaption><\/figure><\/a><!--end av-masonry entry--><a href=\"https:\/\/turkishtobacco.org\/en\/portfolio-item\/brochure\/\"  id='av-masonry-1-item-4534' data-av-masonry-item='4534' class='av-masonry-entry isotope-item post-4534 portfolio type-portfolio status-publish has-post-thumbnail hentry portfolio_entries-brochure all_sort brochure_sort  av-masonry-item-with-image' title=\"Brochure\"   itemscope=\"itemscope\" itemtype=\"https:\/\/schema.org\/CreativeWork\" ><div class='av-inner-masonry-sizer'><\/div><figure class='av-inner-masonry main_color'><div class=\"av-masonry-outerimage-container\"><div class='av-masonry-image-container' style=\"background-image: url(https:\/\/turkishtobacco.org\/en\/wp-content\/uploads\/2024\/08\/sayfa1-1-535x705.jpg);\" ><\/div><\/div><figcaption class='av-inner-masonry-content site-background'><div class='av-inner-masonry-content-pos'><div class='av-inner-masonry-content-pos-content'><div class='avia-arrow'><\/div><h3 class='av-masonry-entry-title entry-title '  itemprop=\"headline\" >Brochure<\/h3><\/div><\/div><\/figcaption><\/figure><\/a><!--end av-masonry entry--><\/div><\/div><\/div>\n","protected":false},"excerpt":{"rendered":"","protected":false},"author":1,"featured_media":0,"parent":0,"menu_order":0,"comment_status":"closed","ping_status":"closed","template":"","meta":{"footnotes":""},"class_list":["post-4013","page","type-page","status-publish","hentry"],"_links":{"self":[{"href":"https:\/\/turkishtobacco.org\/en\/wp-json\/wp\/v2\/pages\/4013","targetHints":{"allow":["GET"]}}],"collection":[{"href":"https:\/\/turkishtobacco.org\/en\/wp-json\/wp\/v2\/pages"}],"about":[{"href":"https:\/\/turkishtobacco.org\/en\/wp-json\/wp\/v2\/types\/page"}],"author":[{"embeddable":true,"href":"https:\/\/turkishtobacco.org\/en\/wp-json\/wp\/v2\/users\/1"}],"replies":[{"embeddable":true,"href":"https:\/\/turkishtobacco.org\/en\/wp-json\/wp\/v2\/comments?post=4013"}],"version-history":[{"count":26,"href":"https:\/\/turkishtobacco.org\/en\/wp-json\/wp\/v2\/pages\/4013\/revisions"}],"predecessor-version":[{"id":4205,"href":"https:\/\/turkishtobacco.org\/en\/wp-json\/wp\/v2\/pages\/4013\/revisions\/4205"}],"wp:attachment":[{"href":"https:\/\/turkishtobacco.org\/en\/wp-json\/wp\/v2\/media?parent=4013"}],"curies":[{"name":"wp","href":"https:\/\/api.w.org\/{rel}","templated":true}]}}